{"id":3017,"date":"2017-05-05T12:16:31","date_gmt":"2017-05-05T10:16:31","guid":{"rendered":"http:\/\/www.tiptouch.com\/references\/"},"modified":"2018-07-09T08:49:39","modified_gmt":"2018-07-09T06:49:39","slug":"references","status":"publish","type":"page","link":"https:\/\/www.tiptouch.com\/en\/references\/","title":{"rendered":"References"},"content":{"rendered":"<section class=\"wpb-content-wrapper\"><p>[vc_row][vc_column][vc_column_text]<\/p>\n<h2>Hotels &amp; International<\/h2>\n<p>[\/vc_column_text][vc_column_text]Blue Palace Thalasso (Cr\u00e8te)<br \/>\nCh\u00e2teau La Messardi\u00e8re (St Tropez &#8211; France)<br \/>\nCheval Blanc (Courchevel &#8211; France)<br \/>\nDeep Nature D\u00e9veloppement<br \/>\nDomaine de Cic\u00e9-Blossac (Rennes &#8211; France)<br \/>\nGroupe Constance (Maurice)<br \/>\nGuanahani (St Barth, Antilles)<br \/>\nHilton \/ CONRAD Bora Bora Nui (Polynesie)<br \/>\nLucien Barri\u00e8re (Fouquet\u2019s Champs Elys\u00e9es)<br \/>\nMartin\u2019s H\u00f4tels (Belgique)<br \/>\nNarhawess (Tunisie)<br \/>\nOetker Collection (Baden Baden &#8211; Allemagne)<br \/>\nPullman (Mazagan &#8211; Maroc)<br \/>\nRadisson Blu (St Martin, Antilles)<br \/>\nRitz-Carlton (Vienne- Autriche)<br \/>\nSwiss\u00f4tel Bosphorus (Istanbul &#8211; Turquie)<br \/>\nThe HOTEL (Belgique)<br \/>\nWaldorf-Astoria (France, Allemagne, Ecosse)<br \/>\n[\/vc_column_text]<div class=\"kd-divider double_line divider_full_width \">\n                <div class=\"divider-line\" style=\"border-color:\"><\/div>\n            <\/div>[vc_column_text]<\/p>\n<h2>Marques Cosm\u00e9tiques<\/h2>\n<p>[\/vc_column_text][vc_row_inner][vc_column_inner][vc_column_text]AHAVA<br \/>\nAcad\u00e9mie Scientifique de Beaut\u00e9<br \/>\nBy Terry<br \/>\nCaudalie<br \/>\nComfort Zone<br \/>\nD\u00e9cl\u00e9or<br \/>\nKenzoki<br \/>\nK\u00e9rastase<br \/>\nH\u00e9liabrine<br \/>\nLa Colline<br \/>\nLa Mer<br \/>\nLancaster<br \/>\nLanc\u00f4me<br \/>\nMaria Galland<br \/>\nShiseido<br \/>\nSulwhasoo (en association avec WTS International)<br \/>\nThalgo<br \/>\nValmont<br \/>\n[\/vc_column_text][\/vc_column_inner][\/vc_row_inner]<div class=\"kd-divider double_line divider_full_width \">\n                <div class=\"divider-line\" style=\"border-color:\"><\/div>\n            <\/div>[vc_column_text]<\/p>\n<h2>Thalassoth\u00e9rapies<\/h2>\n<p>[\/vc_column_text][vc_row_inner][vc_column_inner][vc_column_text]Accor-Thalassa Sea &amp; Spa\u00a0(Porticcio, Quiberon)<br \/>\nDomaine de Marlioz<br \/>\nLa Grande Motte<br \/>\nMiramar-La Cigale<br \/>\nRelais Thalasso (Ile de R\u00e9, La Baule)<br \/>\nSerge Blanco Thalasso &amp; Spa<br \/>\nThalazur (Port Camargue)\u2026[\/vc_column_text][\/vc_column_inner][\/vc_row_inner]<div class=\"kd-divider double_line divider_full_width \">\n                <div class=\"divider-line\" style=\"border-color:\"><\/div>\n            <\/div>[vc_column_text]<\/p>\n<h2>Thermes &amp; Thermes Marins<\/h2>\n<p>[\/vc_column_text][vc_row_inner][vc_column_inner][vc_column_text]Baln\u00e9a<br \/>\nB\u2019O Resort &amp; Spa<br \/>\nBrides Les Bains<br \/>\nDigne Les Bains<br \/>\nEurothermes (Casteljaloux, Lavey-les-Bains, Thermes de Spa)<br \/>\nRoyatonic<br \/>\n[\/vc_column_text][\/vc_column_inner][\/vc_row_inner][\/vc_column][\/vc_row]<\/p>\n<\/section>","protected":false},"excerpt":{"rendered":"<p>[vc_row][vc_column][vc_column_text] Hotels &amp; International [\/vc_column_text][vc_column_text]Blue Palace Thalasso (Cr\u00e8te) Ch\u00e2teau La Messardi\u00e8re (St Tropez &#8211; France) Cheval Blanc (Courchevel &#8211; France) Deep Nature D\u00e9veloppement [&hellip;]<\/p>\n","protected":false},"author":1,"featured_media":2998,"parent":0,"menu_order":0,"comment_status":"closed","ping_status":"closed","template":"","meta":{"footnotes":""},"class_list":["post-3017","page","type-page","status-publish","has-post-thumbnail","hentry"],"_links":{"self":[{"href":"https:\/\/www.tiptouch.com\/en\/wp-json\/wp\/v2\/pages\/3017"}],"collection":[{"href":"https:\/\/www.tiptouch.com\/en\/wp-json\/wp\/v2\/pages"}],"about":[{"href":"https:\/\/www.tiptouch.com\/en\/wp-json\/wp\/v2\/types\/page"}],"author":[{"embeddable":true,"href":"https:\/\/www.tiptouch.com\/en\/wp-json\/wp\/v2\/users\/1"}],"replies":[{"embeddable":true,"href":"https:\/\/www.tiptouch.com\/en\/wp-json\/wp\/v2\/comments?post=3017"}],"version-history":[{"count":1,"href":"https:\/\/www.tiptouch.com\/en\/wp-json\/wp\/v2\/pages\/3017\/revisions"}],"predecessor-version":[{"id":3018,"href":"https:\/\/www.tiptouch.com\/en\/wp-json\/wp\/v2\/pages\/3017\/revisions\/3018"}],"wp:featuredmedia":[{"embeddable":true,"href":"https:\/\/www.tiptouch.com\/en\/wp-json\/wp\/v2\/media\/2998"}],"wp:attachment":[{"href":"https:\/\/www.tiptouch.com\/en\/wp-json\/wp\/v2\/media?parent=3017"}],"curies":[{"name":"wp","href":"https:\/\/api.w.org\/{rel}","templated":true}]}}